{"id":2174,"date":"2023-05-02T20:36:34","date_gmt":"2023-05-02T18:36:34","guid":{"rendered":"https:\/\/leifgottwald.de\/?page_id=2174"},"modified":"2023-08-01T23:05:25","modified_gmt":"2023-08-01T21:05:25","slug":"2174-2","status":"publish","type":"page","link":"https:\/\/leifgottwald.de\/index.php\/2174-2\/","title":{"rendered":"Garten Nummer 60"},"content":{"rendered":"<div class=\"wpb-content-wrapper\"><p>[vc_row full_width=&#8221;stretch_row_content&#8221; full_height=&#8221;25vh&#8221; css=&#8221;.vc_custom_1683055596615{margin-top: 40px !important;}&#8221;][vc_column][vc_column_text]<\/p>\n<h1>DIE VORGESCHICHTE<\/h1>\n<p>Der erste Mensch, von dem ich wusste, da\u00df er einen Schrebergarten bewirtschaftete, war mein Gro\u00dfvater. Er war ein einfacher Mann, lebte in einer kleinen 3-Zimmer-Wohnung und das einziges Hobby, das er sich leisten konnte, war ein Schrebergarten. Als Kinder verbrachten wir viel Zeit in der kleinen Parzelle &#8211; durften dort mithelfen und auf der kleinen Rasenfl\u00e4che Fussball spielen.<\/p>\n<p>Daher war &#8220;Schrebergarten&#8221; f\u00fcr mich immer irgendwie positiv besetzt, keine Spur von &#8220;Spie\u00dfertum&#8221; oder \u00e4hnlichem. Nun leben wir selbst in einer Stadtwohnung und knapp drei Minuten mit dem Fahrrad entfernt liegt einer der sch\u00f6nsten Schreberg\u00e4rten der Stadt. Seit mehr als 50 Jahren wachsen dort B\u00e4ume und Hecken, alles wirkt sehr ruhig und friedlich.<\/p>\n<p>Vor ein paar Jahren beschlossen wir, uns einfach mal auf die Bewerberliste f\u00fcr eine der Parzellen setzen zu lassen &#8211; nur um dann zu erfahren, dass auf der Liste mehr als 100 Interessenten standen. Und dann kam die Corona-Pandemie, und die Nachfrage nach einem kleinen Garten stieg nochmals sprunghaft an, so sehr, dass die Warteliste einfach geschlossen wurde&#8230; aber wir waren zumindest drin!<\/p>\n<p>Wir lie\u00dfen nicht locker und stellten uns immer wieder vor, fragten immer wieder nach dem aktuellen Stand, zeigten immer wieder unser gro\u00dfes Interesse. Und bei irgendeinem dieser Treffen fiel der Begriff \u00a0<em>Garten Nummer 60..<\/em>.[\/vc_column_text][\/vc_column][\/vc_row][vc_row full_width=&#8221;stretch_row_content&#8221; full_height=&#8221;25vh&#8221;][vc_column][vc_column_text]<\/p>\n<h1>GARTEN NUMMER 60<\/h1>\n<p>Als wir Ende M\u00e4rz das erste Mal den besagten Garten Nummer 60 begutachteten, waren wir schlichtweg schockiert. Es handelte sich um eine \u00fcber 400qm gro\u00dfe Parzelle, alter Baumbestand, ruhig gelegen &#8211; aber von vorne bis hinten mit M\u00fcll und Gartenabf\u00e4llen \u00fcbers\u00e4t. Wir waren uns nicht sicher, ob ein Mensch so viel M\u00fcll ansammeln konnte &#8211; oder ob \u00fcber die Jahre hier einfach jeder sein nicht mehr ben\u00f6tigtes Zeug entsorgte.<\/p>\n<p>Vom zerbrochenen Schubkarren bis hin zu verrotteten Tulpenzwiebeln die noch in den Plastikschalen steckten, rostiges Werkzeug, alte Fliesen, das verkohlte Skelett eines abgebrannten Treibhauses, abgelaufene Turnschuhe&#8230; insgesamt ein erb\u00e4rmliches Bild. Noch dazu die kahlen B\u00e4ume, \u00fcberall wucherndes Gestr\u00fcpp &#8211; es fiel uns sehr schwer, sich hier ein Vorher-Nachher-Bild zu machen.[\/vc_column_text][\/vc_column][\/vc_row][vc_row full_width=&#8221;stretch_row_content&#8221;][vc_column]<div class=\"wpb_content_element ut-gallery-10  clearfix\"><style type=\"text\/css\">#ut_ig_69e2aea562b7e .ut-lazy:not(.ut-image-loaded) + .ut-video-module-loading { display:block; }#ut_ig_69e2aea562b7e .ut-lazy.ut-image-loaded + .ut-video-module-loading { display:none; }<\/style><div id=\"ut_ig_69e2aea562b7e\" class=\"ut-image-gallery ut-image-gallery-module  ut-image-gallery-10 clearfix\" data-settings=\"{&quot;animate&quot;:true,&quot;effect&quot;:&quot;&quot;,&quot;lazy&quot;:true,&quot;delay_animation&quot;:false,&quot;global_delay_animation&quot;:false,&quot;delay_timer&quot;:100,&quot;global_delay_timer&quot;:100}\" ><div  data-count=\"4\" class=\"ut-image-gallery-item ut-animation-done grid-25 tablet-grid-50 mobile-grid-100\"><a  class=\"ut-vc-images-lightbox ut-vc-images-lightbox-group-image\"  data-exthumbimage=\"https:\/\/i0.wp.com\/leifgottwald.de\/wp-content\/uploads\/2023\/08\/IMG_6571.jpg?resize=200%2C200&#038;ssl=1\" href=\"https:\/\/i0.wp.com\/leifgottwald.de\/wp-content\/uploads\/2023\/08\/IMG_6571.jpg?fit=1280%2C720&#038;ssl=1\" ><div class=\"ut-image-gallery-image\" ><img loading=\"lazy\" decoding=\"async\"  class=\" ut-lazy skip-lazy\" src=\"data:image\/svg+xml;charset=utf-8,%3Csvg xmlns%3D'http%3A%2F%2Fwww.w3.org%2F2000%2Fsvg' viewBox%3D'0 0 4032 2268'%2F%3E\" data-src=\"https:\/\/i0.wp.com\/leifgottwald.de\/wp-content\/uploads\/2023\/08\/IMG_6571.jpg?fit=4032%2C2268&#038;ssl=1\" width=\"4032\" height=\"2268\"><\/div><\/a><\/div><div  data-count=\"4\" class=\"ut-image-gallery-item ut-animation-done ut-animation-done grid-25 tablet-grid-50 mobile-grid-100\"><a  class=\"ut-vc-images-lightbox ut-vc-images-lightbox-group-image\"  data-exthumbimage=\"https:\/\/i0.wp.com\/leifgottwald.de\/wp-content\/uploads\/2023\/07\/Garten-0555a.jpg?resize=200%2C200&#038;ssl=1\" href=\"https:\/\/i0.wp.com\/leifgottwald.de\/wp-content\/uploads\/2023\/07\/Garten-0555a.jpg?fit=1280%2C720&#038;ssl=1\" ><div class=\"ut-image-gallery-image\" ><img loading=\"lazy\" decoding=\"async\"  class=\" ut-lazy skip-lazy\" src=\"data:image\/svg+xml;charset=utf-8,%3Csvg xmlns%3D'http%3A%2F%2Fwww.w3.org%2F2000%2Fsvg' viewBox%3D'0 0 1920 1080'%2F%3E\" data-src=\"https:\/\/i0.wp.com\/leifgottwald.de\/wp-content\/uploads\/2023\/07\/Garten-0555a.jpg?fit=1920%2C1080&#038;ssl=1\" width=\"1920\" height=\"1080\"><\/div><\/a><\/div><div  data-count=\"4\" class=\"ut-image-gallery-item ut-animation-done ut-animation-done ut-animation-done grid-25 tablet-grid-50 mobile-grid-100 ut-tablet-last\"><a  class=\"ut-vc-images-lightbox ut-vc-images-lightbox-group-image\"  data-exthumbimage=\"https:\/\/i0.wp.com\/leifgottwald.de\/wp-content\/uploads\/2023\/07\/Garten-0551a.jpg?resize=200%2C200&#038;ssl=1\" href=\"https:\/\/i0.wp.com\/leifgottwald.de\/wp-content\/uploads\/2023\/07\/Garten-0551a.jpg?fit=1280%2C720&#038;ssl=1\" ><div class=\"ut-image-gallery-image\" ><img loading=\"lazy\" decoding=\"async\"  class=\" ut-lazy skip-lazy\" src=\"data:image\/svg+xml;charset=utf-8,%3Csvg xmlns%3D'http%3A%2F%2Fwww.w3.org%2F2000%2Fsvg' viewBox%3D'0 0 1920 1079'%2F%3E\" data-src=\"https:\/\/i0.wp.com\/leifgottwald.de\/wp-content\/uploads\/2023\/07\/Garten-0551a.jpg?fit=1920%2C1079&#038;ssl=1\" width=\"1920\" height=\"1079\"><\/div><\/a><\/div><div class=\"clear hide-on-desktop hide-on-tablet\"><\/div><div  data-count=\"4\" class=\"ut-image-gallery-item ut-animation-done ut-animation-done ut-animation-done ut-animation-done grid-25 tablet-grid-50 mobile-grid-100\"><a  class=\"ut-vc-images-lightbox ut-vc-images-lightbox-group-image\"  data-exthumbimage=\"https:\/\/i0.wp.com\/leifgottwald.de\/wp-content\/uploads\/2023\/07\/Garten-0519a.jpg?resize=200%2C200&#038;ssl=1\" href=\"https:\/\/i0.wp.com\/leifgottwald.de\/wp-content\/uploads\/2023\/07\/Garten-0519a.jpg?fit=1280%2C720&#038;ssl=1\" ><div class=\"ut-image-gallery-image\" ><img loading=\"lazy\" decoding=\"async\"  class=\" ut-lazy skip-lazy\" src=\"data:image\/svg+xml;charset=utf-8,%3Csvg xmlns%3D'http%3A%2F%2Fwww.w3.org%2F2000%2Fsvg' viewBox%3D'0 0 1920 1080'%2F%3E\" data-src=\"https:\/\/i0.wp.com\/leifgottwald.de\/wp-content\/uploads\/2023\/07\/Garten-0519a.jpg?fit=1920%2C1080&#038;ssl=1\" width=\"1920\" height=\"1080\"><\/div><\/a><\/div><div class=\"ut-image-gallery-sizer\"><\/div><div class=\"clear\"><\/div><\/div><\/div>[\/vc_column][\/vc_row][vc_row full_width=&#8221;stretch_row_content&#8221; full_height=&#8221;25vh&#8221;][vc_column][vc_column_text]<\/p>\n<h1>DAS GROSSE AUFR\u00c4UMEN<\/h1>\n<p>Aber trotz all dem M\u00fcll und der immensen Verwahrlosung &#8211; irgendwie hatte dieser Garten eine besondere Ausstrahlung auf uns. Zum einen war es die Gr\u00f6\u00dfe der Parzelle, dazu der alte Baumbestand, der freie Blick auf die Heidelberger Berge. Und nach und nach kamen wir auch mit allen unmittelbaren Nachbarn ins Gespr\u00e4ch, und so wurde es langsam aber sicher &#8220;unser&#8221; Garten Nummer 60.<\/p>\n<p>An zwei Samstagen im Fr\u00fchsommer begannen wir mit Hilfe einiger freiwilliger Helfer des Gartenvereins den Garten vom M\u00fcll zu befreien, dann wurde mit einem Freischneider das hohe Gestr\u00fcpp entfernt und schlie\u00dflich alles zum Wertstoffhof verfrachtet.<\/p>\n<p>Und auch die Nachbarn waren froh, dass endlich die M\u00fcllkippe entsorgt war&#8230;[\/vc_column_text][\/vc_column][\/vc_row][vc_row full_width=&#8221;stretch_row_content&#8221;][vc_column]<div class=\"wpb_content_element ut-gallery-10  clearfix\"><style type=\"text\/css\">#ut_ig_69e2aea563d52 .ut-lazy:not(.ut-image-loaded) + .ut-video-module-loading { display:block; }#ut_ig_69e2aea563d52 .ut-lazy.ut-image-loaded + .ut-video-module-loading { display:none; }<\/style><div id=\"ut_ig_69e2aea563d52\" class=\"ut-image-gallery ut-image-gallery-module  ut-image-gallery-10 clearfix\" data-settings=\"{&quot;animate&quot;:true,&quot;effect&quot;:&quot;&quot;,&quot;lazy&quot;:true,&quot;delay_animation&quot;:false,&quot;global_delay_animation&quot;:false,&quot;delay_timer&quot;:100,&quot;global_delay_timer&quot;:100}\" ><div  data-count=\"1\" class=\"ut-image-gallery-item ut-animation-done grid-100 tablet-grid-100 mobile-grid-100\"><a  class=\"ut-vc-images-lightbox ut-vc-images-lightbox-group-image\"  data-exthumbimage=\"https:\/\/i0.wp.com\/leifgottwald.de\/wp-content\/uploads\/2023\/07\/Garten-0818a.jpg?resize=200%2C200&#038;ssl=1\" href=\"https:\/\/i0.wp.com\/leifgottwald.de\/wp-content\/uploads\/2023\/07\/Garten-0818a.jpg?fit=1280%2C720&#038;ssl=1\" ><div class=\"ut-image-gallery-image\" ><img loading=\"lazy\" decoding=\"async\"  class=\" ut-lazy skip-lazy\" src=\"data:image\/svg+xml;charset=utf-8,%3Csvg xmlns%3D'http%3A%2F%2Fwww.w3.org%2F2000%2Fsvg' viewBox%3D'0 0 3771 2121'%2F%3E\" data-src=\"https:\/\/i0.wp.com\/leifgottwald.de\/wp-content\/uploads\/2023\/07\/Garten-0818a.jpg?fit=3771%2C2121&#038;ssl=1\" width=\"3771\" height=\"2121\"><\/div><\/a><\/div><div class=\"ut-image-gallery-sizer\"><\/div><div class=\"clear\"><\/div><\/div><\/div>[\/vc_column][\/vc_row]<\/p>\n<\/div>","protected":false},"excerpt":{"rendered":"<p>[vc_row full_width=&#8221;stretch_row_content&#8221; full_height=&#8221;25vh&#8221; css=&#8221;.vc_custom_1683055596615{margin-top: 40px !important;}&#8221;][vc_column][vc_column_text] DIE VORGESCHICHTE Der erste Mensch, von dem ich wusste, da\u00df er einen Schrebergarten bewirtschaftete, war mein Gro\u00dfvater. Er war ein einfacher Mann, lebte in einer kleinen 3-Zimmer-Wohnung und das einziges Hobby, das er sich leisten konnte, war ein Schrebergarten. Als Kinder verbrachten wir viel Zeit in der kleinen Parzelle [&hellip;]<\/p>\n","protected":false},"author":1,"featured_media":0,"parent":0,"menu_order":0,"comment_status":"closed","ping_status":"closed","template":"","meta":{"footnotes":""},"class_list":["post-2174","page","type-page","status-publish","hentry"],"jetpack_sharing_enabled":true,"_links":{"self":[{"href":"https:\/\/leifgottwald.de\/index.php\/wp-json\/wp\/v2\/pages\/2174","targetHints":{"allow":["GET"]}}],"collection":[{"href":"https:\/\/leifgottwald.de\/index.php\/wp-json\/wp\/v2\/pages"}],"about":[{"href":"https:\/\/leifgottwald.de\/index.php\/wp-json\/wp\/v2\/types\/page"}],"author":[{"embeddable":true,"href":"https:\/\/leifgottwald.de\/index.php\/wp-json\/wp\/v2\/users\/1"}],"replies":[{"embeddable":true,"href":"https:\/\/leifgottwald.de\/index.php\/wp-json\/wp\/v2\/comments?post=2174"}],"version-history":[{"count":23,"href":"https:\/\/leifgottwald.de\/index.php\/wp-json\/wp\/v2\/pages\/2174\/revisions"}],"predecessor-version":[{"id":2214,"href":"https:\/\/leifgottwald.de\/index.php\/wp-json\/wp\/v2\/pages\/2174\/revisions\/2214"}],"wp:attachment":[{"href":"https:\/\/leifgottwald.de\/index.php\/wp-json\/wp\/v2\/media?parent=2174"}],"curies":[{"name":"wp","href":"https:\/\/api.w.org\/{rel}","templated":true}]}}