{"id":424,"date":"2016-11-08T19:51:46","date_gmt":"2016-11-08T18:51:46","guid":{"rendered":"http:\/\/leifgottwald.de\/?page_id=424"},"modified":"2018-03-01T22:00:23","modified_gmt":"2018-03-01T21:00:23","slug":"424-2","status":"publish","type":"page","link":"https:\/\/leifgottwald.de\/index.php\/424-2\/","title":{"rendered":"Weinprobe 2017"},"content":{"rendered":"<p>Wenn Du diese Seite sehen kannst &#8211; dann hast Du die erste H\u00fcrde schon genommen. Denn Du wurdest samt Anhang auserw\u00e4hlt an der ersten <strong>VIP-Weinverkostung<\/strong> des Jahres 2017 teilzunehmen. Gratulation!<\/p>\n<p>&nbsp;<\/p>\n<h2>Die Spielregeln:<\/h2>\n<p>&nbsp;<\/p>\n<p><span class=\"align none ut-custom-icon\"><i class=\"fa fa-tint fa-4x\" ><\/i><\/span> Jeder VIP bringt einen Rotwein seiner Wahl mit. Der Wein wird vor Ort durch den Weinprobenleiter mit Alufolie unkenntlich gemacht.<\/p>\n<p><span class=\"align none ut-custom-icon\"><i class=\"fa fa-tint fa-4x\" ><\/i><\/span> Jeder VIP bringt &#8220;Finger-Food&#8221; nach Wahl mit. Nicht zu scharf, nicht zu salzig &#8211; just right!<\/p>\n<p><span class=\"align none ut-custom-icon\"><i class=\"fa fa-tint fa-4x\" ><\/i><\/span> Um eine Vergleichsm\u00f6glichkeit zu gew\u00e4hrleisten, darf kein Wein au\u00dferhalb der fest definierten Preisgrenze von <strong>8,- bis 30,- \u20ac<\/strong> liegen. Discounterweine sind explizit nicht erw\u00fcnscht.<\/p>\n<p><span class=\"align none ut-custom-icon\"><i class=\"fa fa-tint fa-4x\" ><\/i><\/span> Alle entstandenen Kosten werden durch die anwesenden VIP&#8217;s aufgeteilt und anteilig beglichen.<\/p>\n<p>&nbsp;<\/p>\n<h2>Das VIP-Event:<\/h2>\n<p>&nbsp;<\/p>\n<p>Wir verkosten und bewerten alle mitgebrachten Weine nach professionellen Kriterien. Die 3 besten Weine werden anschlie\u00dfend pr\u00e4miert und ausgetrunken. Mit den restlichen\u00a0Weinen\u00a0backen wir im Anschluss Rotweinkuchen und kochen Coq au Vin.<\/p>\n<p>&nbsp;<\/p>\n<p>&nbsp;<\/p>\n","protected":false},"excerpt":{"rendered":"<p>Wenn Du diese Seite sehen kannst &#8211; dann hast Du die erste H\u00fcrde schon genommen. Denn Du wurdest samt Anhang auserw\u00e4hlt an der ersten VIP-Weinverkostung des Jahres 2017 teilzunehmen. Gratulation! &nbsp; Die Spielregeln: &nbsp; Jeder VIP bringt einen Rotwein seiner Wahl mit. Der Wein wird vor Ort durch den Weinprobenleiter mit Alufolie unkenntlich gemacht. Jeder [&hellip;]<\/p>\n","protected":false},"author":1,"featured_media":0,"parent":0,"menu_order":0,"comment_status":"closed","ping_status":"closed","template":"","meta":{"footnotes":""},"class_list":["post-424","page","type-page","status-publish","hentry"],"jetpack_sharing_enabled":true,"_links":{"self":[{"href":"https:\/\/leifgottwald.de\/index.php\/wp-json\/wp\/v2\/pages\/424","targetHints":{"allow":["GET"]}}],"collection":[{"href":"https:\/\/leifgottwald.de\/index.php\/wp-json\/wp\/v2\/pages"}],"about":[{"href":"https:\/\/leifgottwald.de\/index.php\/wp-json\/wp\/v2\/types\/page"}],"author":[{"embeddable":true,"href":"https:\/\/leifgottwald.de\/index.php\/wp-json\/wp\/v2\/users\/1"}],"replies":[{"embeddable":true,"href":"https:\/\/leifgottwald.de\/index.php\/wp-json\/wp\/v2\/comments?post=424"}],"version-history":[{"count":13,"href":"https:\/\/leifgottwald.de\/index.php\/wp-json\/wp\/v2\/pages\/424\/revisions"}],"predecessor-version":[{"id":827,"href":"https:\/\/leifgottwald.de\/index.php\/wp-json\/wp\/v2\/pages\/424\/revisions\/827"}],"wp:attachment":[{"href":"https:\/\/leifgottwald.de\/index.php\/wp-json\/wp\/v2\/media?parent=424"}],"curies":[{"name":"wp","href":"https:\/\/api.w.org\/{rel}","templated":true}]}}